{"id":8,"date":"2019-01-01T01:04:48","date_gmt":"2019-01-01T00:04:48","guid":{"rendered":"http:\/\/borowka.lucht.pl\/?page_id=5"},"modified":"2019-03-11T15:22:34","modified_gmt":"2019-03-11T14:22:34","slug":"kontakt","status":"publish","type":"page","link":"https:\/\/lucht.pl\/?page_id=8","title":{"rendered":"Kontakt"},"content":{"rendered":"<p>Edyta i Micha\u0142 Lucht &#8211; Gospodarstwo Rolne<\/p>\n<p>Wojb\u00f3rz 33 ,\u00a0\u00a0\u00a0 57-300 K\u0142odzko<\/p>\n<p>Wojew\u00f3dztwo Dolno\u015bl\u0105skie<\/p>\n<p>telefon kom.\u00a0\u00a0 605 090 529 \u00a0 ( Micha\u0142 )<\/p>\n<p>telefon kom.\u00a0\u00a0 609 614 144 \u00a0 ( Edyta )<\/p>\n<p><a href=\"http:\/\/lucht.pl\/?page_id=80\">email :\u00a0 lucht2@wp.pl <\/a><a href=\"http:\/\/lucht.pl\/?page_id=80\">&#8211; kliknij tutaj aby napisa\u0107 <\/a><\/p>\n<p><strong>NIP 883 11 21 986<\/strong><\/p>\n<p><strong>REGON 890591687<\/strong><\/p>\n<table class=\"infobox\" style=\"border: 1px solid #8898bf; margin: 0pt 0pt 1em 1em; border-collapse: collapse; font-size: 95%; float: right; vertical-align: baseline; text-align: left; height: 189px;\" border=\"0\" width=\"418\" cellspacing=\"0\" cellpadding=\"4\">\n<tbody>\n<tr style=\"border-top: 1px solid #aaaaaa;\">\n<td style=\"background-color: #f2f2f2; width: 120px; vertical-align: top;\">Wojew\u00f3dztwo<\/td>\n<td style=\"background-color: #fbfbfb;\"><a title=\"Wojew\u00f3dztwo dolno\u015bl\u0105skie\" href=\"http:\/\/pl.wikipedia.org\/wiki\/Wojew%C3%B3dztwo_dolno%C5%9Bl%C4%85skie\" target=\"_blank\" rel=\"noopener noreferrer\">Dolno\u015bl\u0105skie<\/a><\/td>\n<\/tr>\n<tr>\n<td style=\"background-color: #f2f2f2; width: 120px; vertical-align: top;\">Powiat<\/td>\n<td style=\"background-color: #fbfbfb;\"><a title=\"Powiat k\u0142odzki\" href=\"http:\/\/pl.wikipedia.org\/wiki\/Powiat_k%C5%82odzki\" target=\"_blank\" rel=\"noopener noreferrer\">K\u0142odzki<\/a><\/td>\n<\/tr>\n<tr>\n<td style=\"background-color: #f2f2f2; width: 120px; vertical-align: top;\">Gmina<\/td>\n<td style=\"background-color: #fbfbfb;\"><a title=\"Gmina K\u0142odzko\" href=\"http:\/\/pl.wikipedia.org\/wiki\/Gmina_K%C5%82odzko\" target=\"_blank\" rel=\"noopener noreferrer\">K\u0142odzko<\/a><\/td>\n<\/tr>\n<tr>\n<td style=\"background-color: #f2f2f2; vertical-align: top;\">Strefa numeracyjna<\/td>\n<td style=\"background-color: #fbfbfb; vertical-align: top;\">0 74<\/td>\n<\/tr>\n<tr>\n<td style=\"background-color: #f2f2f2; vertical-align: top;\">Kod pocztowy<\/td>\n<td style=\"background-color: #fbfbfb;\">57-300 K\u0142odzko<\/td>\n<\/tr>\n<\/tbody>\n<\/table>\n","protected":false},"excerpt":{"rendered":"<p>Edyta i Micha\u0142 Lucht &#8211; Gospodarstwo Rolne Wojb\u00f3rz 33 ,\u00a0\u00a0\u00a0 57-300 K\u0142odzko Wojew\u00f3dztwo Dolno\u015bl\u0105skie telefon kom.\u00a0\u00a0 605 090 529 \u00a0 ( Micha\u0142 ) telefon kom.\u00a0\u00a0 609 614 144 \u00a0 ( Edyta ) email :\u00a0 lucht2@wp.pl &#8211; kliknij tutaj aby napisa\u0107 NIP 883 11 21 986 REGON 890591687 Wojew\u00f3dztwo Dolno\u015bl\u0105skie Powiat K\u0142odzki Gmina K\u0142odzko Strefa numeracyjna &hellip; <a href=\"https:\/\/lucht.pl\/?page_id=8\" class=\"more-link\">Czytaj dalej <span class=\"screen-reader-text\">Kontakt<\/span> <span class=\"meta-nav\">&rarr;<\/span><\/a><\/p>\n","protected":false},"author":1,"featured_media":0,"parent":0,"menu_order":2,"comment_status":"closed","ping_status":"closed","template":"","meta":{"footnotes":"","_links_to":"","_links_to_target":""},"class_list":["post-8","page","type-page","status-publish","hentry"],"_links":{"self":[{"href":"https:\/\/lucht.pl\/index.php?rest_route=\/wp\/v2\/pages\/8","targetHints":{"allow":["GET"]}}],"collection":[{"href":"https:\/\/lucht.pl\/index.php?rest_route=\/wp\/v2\/pages"}],"about":[{"href":"https:\/\/lucht.pl\/index.php?rest_route=\/wp\/v2\/types\/page"}],"author":[{"embeddable":true,"href":"https:\/\/lucht.pl\/index.php?rest_route=\/wp\/v2\/users\/1"}],"replies":[{"embeddable":true,"href":"https:\/\/lucht.pl\/index.php?rest_route=%2Fwp%2Fv2%2Fcomments&post=8"}],"version-history":[{"count":12,"href":"https:\/\/lucht.pl\/index.php?rest_route=\/wp\/v2\/pages\/8\/revisions"}],"predecessor-version":[{"id":461,"href":"https:\/\/lucht.pl\/index.php?rest_route=\/wp\/v2\/pages\/8\/revisions\/461"}],"wp:attachment":[{"href":"https:\/\/lucht.pl\/index.php?rest_route=%2Fwp%2Fv2%2Fmedia&parent=8"}],"curies":[{"name":"wp","href":"https:\/\/api.w.org\/{rel}","templated":true}]}}