{"id":30,"date":"2019-01-01T01:25:26","date_gmt":"2019-01-01T00:25:26","guid":{"rendered":"http:\/\/borowka.lucht.pl\/?page_id=30"},"modified":"2019-03-11T00:00:56","modified_gmt":"2019-03-10T23:00:56","slug":"uprawa-borowki","status":"publish","type":"page","link":"https:\/\/lucht.pl\/?page_id=30","title":{"rendered":"Uprawa bor\u00f3wki"},"content":{"rendered":"<p>Bor\u00f3wka ameryka\u0144ska cieszy si\u0119 du\u017cym powodzeniem jako ro\u015blina uprawna. Cz\u0119sto jednak ogrodnicy amatorzy zniech\u0119caj\u0105 si\u0119 s\u0105dz\u0105c, \u017ce uprawa bor\u00f3wki jest trudna. Nie jest to jednak prawd\u0105.<\/p>\n<h2>Wymagania glebowe<\/h2>\n<p>Wymagania bor\u00f3wki dotycz\u0105ce gleby s\u0105 dosy\u0107 specyficzne. Nieco podobne s\u0105 do innych ro\u015blin tej rodziny np. rododendron\u00f3w. Bor\u00f3wka ameryka\u0144ska dla udanej uprawy wymaga gleby lekkiej, wilgotnej i kwa\u015bnej. Jest p\u0142ytko ukorzeniona, wymaga zatem podlewania w czasie okres\u00f3w o mniejszej wilgotno\u015bci.<\/p>\n<p>Nale\u017cy zwr\u00f3ci\u0107 uwag\u0119 na przygotowanie stanowiska. Gleba powinna by\u0107 lekka (piaszczysta) o pH w KCL 3,5- 4,5 zawieraj\u0105ca do\u015b\u0107 du\u017co pr\u00f3chnicy (ok. 10%). Poziom wody gruntowej powinien wynosi\u0107 60-100 cm. W praktyce trudno jest wszystkie te warunki spe\u0142ni\u0107, dlatego trzeba gleb\u0119 przygotowywa\u0107 sztucznie.<\/p>\n<p>Pod ka\u017cdy krzew nale\u017cy wykopa\u0107 do\u0142ek o g\u0142\u0119boko\u015bci ~ 40 cm i \u015brednicy 80-100 cm . Do do\u0142ka wsypa\u0107 kwa\u015bny torf i wymiesza\u0107 go z gleb\u0105. Na wierzch mo\u017cna posypa\u0107 trocin\u0119 sosnow\u0105, aby utrudni\u0107 parowane wody. Je\u015bli gleba, na kt\u00f3rej chcemy uprawia\u0107 bor\u00f3wk\u0119 ma zbyt wysokie pH ~ 6 i wi\u0119cej, do\u0142ek, do kt\u00f3rego wsypujemy torf, nale\u017cy wy\u0142o\u017cy\u0107 foli\u0105, a do samego torfu nale\u017cy doda\u0107 kory sosnowej i le\u015bnej ziemi.<\/p>\n<table style=\"height: 122px;\" width=\"624\" border=\"0\">\n<tbody>\n<tr>\n<th>Wska\u017anik<\/th>\n<th>Zalecany poziom<\/th>\n<\/tr>\n<tr>\n<td>pH<\/td>\n<td>3,5-4,5<\/td>\n<\/tr>\n<tr>\n<td>zawarto\u015b\u0107 pr\u00f3chnicy<\/td>\n<td>~10%<\/td>\n<\/tr>\n<tr>\n<td>poziom wody gruntowej<\/td>\n<td>60-100 cm<\/td>\n<\/tr>\n<tr>\n<td>zawarto\u015b\u0107 fosforu<\/td>\n<td>1,5-2 mg \/ 100 g gleby<\/td>\n<\/tr>\n<tr>\n<td>zawarto\u015b\u0107 potasu<\/td>\n<td>3-5 mg  100 g gleby<\/td>\n<\/tr>\n<tr>\n<td>zawarto\u015b\u0107 magnezu<\/td>\n<td>2,5-4 mg \/100 g gleby<\/td>\n<\/tr>\n<\/tbody>\n<\/table>\n<p>Powy\u017csze wymagania mo\u017cna spe\u0142ni\u0107 na wiele sposob\u00f3w. Najprostszy to uprawa na glebie z natury kwa\u015bnej &#8211; na przyk\u0142ad terenach niegdy\u015b zalesionych drzewami iglastymi. W wypadku gdy gleba nie jest odpowiednio kwa\u015bna, nale\u017cy j\u0105 uzdatni\u0107 np. przy u\u017cyciu torfu kwa\u015bnego.<\/p>\n<h2>Sadzenie<\/h2>\n<p>Krzewy sadzimy w rozstawie ok. 1 m w rz\u0119dzie i 2,5-3,5 m mi\u0119dzy rz\u0119dami w zale\u017cno\u015bci od sposobu uprawy. Mo\u017cna sobie pozwoli\u0107 na zwi\u0119kszenie tego odst\u0119pu, jednak nie powinien on by\u0107 mniejszy. Bor\u00f3wka ameryka\u0144ska do zapylenia potrzebuje innego krzewu, st\u0105d zaleca si\u0119 sadzenie krzew\u00f3w w grupach. Sadz\u0105c r\u00f3\u017cne odmiany bor\u00f3wki wysokiej mo\u017cemy wyd\u0142u\u017cy\u0107 okres w jakim b\u0119dziemy cieszy\u0107 si\u0119 plonami za spraw\u0105 r\u00f3\u017cnych termin\u00f3w owocowania. Nale\u017cy zwr\u00f3ci\u0107 uwag\u0119 na wymagania wilgotno\u015bciowe bor\u00f3wki ameryka\u0144skiej. Je\u017celi krzewy s\u0105 sadzone jesieni\u0105, to ilo\u015b\u0107 wilgoci w glebie nie zmusza nas do podlewania. Natomiast je\u017celi sadzimy wiosn\u0105 trzeba koniecznie pilnowa\u0107, aby ro\u015bliny mia\u0142y ca\u0142y czas wilgotne pod\u0142o\u017ce. Dlatego powinni\u015bmy podlewa\u0107 wiosn\u0105 i latem minimum 2x w tygodniu.<\/p>\n<table style=\"height: 90px;\" width=\"607\" border=\"0\">\n<tbody>\n<tr>\n<th>Odmiana<\/th>\n<th>Termin owocowania<\/th>\n<\/tr>\n<tr>\n<td>Sunrise, Earlyblue, Duke<\/td>\n<td>od po\u0142owy lipca<\/td>\n<\/tr>\n<tr>\n<td>Spartan, Bluejay, Patriot<\/td>\n<td>po po\u0142owie lipca<\/td>\n<\/tr>\n<tr>\n<td>Nelson, Berkeley, Bluecrop<\/td>\n<td>do po\u0142owy sierpnia<\/td>\n<\/tr>\n<tr>\n<td>Darrow, Elliott<\/td>\n<td>do pocz\u0105tku wrze\u015bnia<\/td>\n<\/tr>\n<\/tbody>\n<\/table>\n<h2>Piel\u0119gnacja<\/h2>\n<p>Poniewa\u017c bor\u00f3wka jest ro\u015blin\u0105 wieloletni\u0105 (w Polsce rosn\u0105 plantacje 351etnie, kt\u00f3re s\u0105 w bardzo dobrym stanie) nale\u017cy po roku stosowa\u0107 ci\u0119cie. W pierwszych 4 latach robimy tzw. ci\u0119cie sanitarne, tzn. usuwanie p\u0119d\u00f3w chorych i s\u0142abych. Natomiast po 5 roku, opr\u00f3cz ci\u0119cia sanitarnego, wycinamy p\u0119dy zag\u0119szczaj\u0105ce si\u0119 wzajemnie, stare bez przyrost\u00f3w jednorocznych. Najlepszy termin ci\u0119cia, to wczesna wiosna (luty, marzec) przed ruszeniem wegetacji.<\/p>\n<h2>Nawo\u017cenie<\/h2>\n<p>W wypadku niewystarczaj\u0105cej kwa\u015bno\u015bci gleby nale\u017cy stosowa\u0107 nawo\u017cenie kwa\u015bnymi nawozami np. siarczanem amonu, lub specjalnymi nawozami do ro\u015blin kwa\u015bnolubnych np. Agrecol. Nale\u017cy jednak zwr\u00f3ci\u0107 uwag\u0119, aby nie przenawozi\u0107. Nawo\u017cenie nale\u017cy prowadzi\u0107 co 10 dni od kwietnia do ko\u0144ca czerwca. Bor\u00f3wka ma bardzo niskie wymagania pokarmowe K &#8211; 3-5 mgK\/100 g gleby, P &#8211; 2 mgP\/lOOg gleby, Mg &#8211; 3 mg Mg\/ lOOg. Mo\u017cna r\u00f3wnie\u017c stosowa\u0107 nawozy wielosk\u0142adnikowe w ilo\u015bci zalecanej na opakowaniu. Wskazane jest przed posadzeniem wykona\u0107 analiz\u0119 gleby. Bor\u00f3wka wra\u017cliwa jest na brak azotu, kt\u00f3ry mo\u017cna dawa\u0107 w postaci siarczanu amonu lub saletry amonowej.<\/p>\n<p>&#8230;&#8230;&#8230;&#8230;&#8230;&#8230;&#8230;&#8230;&#8230;&#8230;&#8230;&#8230;&#8230;&#8230;&#8230;&#8230;&#8230;&#8230;&#8230;&#8230;&#8230;&#8230;&#8230;&#8230;&#8230;&#8230;&#8230;&#8230;&#8230;&#8230;&#8230;&#8230;&#8230;&#8230;&#8230;&#8230;&#8230;&#8230;&#8230;&#8230;&#8230;&#8230;&#8230;&#8230;&#8230;&#8230;&#8230;&#8230;&#8230;&#8230;&#8230;&#8230;&#8230;&#8230;&#8230;&#8230;&#8230;..<\/p>\n<p>Zbi\u00f3r jag\u00f3d rozpoczyna si\u0119 w lipcu i w zale\u017cno\u015bci od odmiany, mo\u017ce trwa\u0107 do pierwszych przymrozk\u00f3w. Owoce s\u0105 bardzo zdrowe. Nie zawieraj\u0105 t\u0142uszczu, ani cholesterolu. 250g \u015bwie\u017cych owoc\u00f3w pokrywa po\u0142ow\u0119 dziemiej dawki wit. C dla osoby doros\u0142ej. Barwnik znajduj\u0105cy si\u0119 w sk\u00f3rce tzw. antocjan to bardzo silny antyutleniacz, kt\u00f3ry poprawia kr\u0105\u017cenie krwi, przeciwdzia\u0142a zm\u0119czeniu oczu, jest pomocny w leczeniu cukrzycy. Inne zwi\u0105zki zawarte w bor\u00f3wce maj\u0105 dzia\u0142anie antynowotworowe, zmniejszaj\u0105 poziom cholesterolu, a du\u017ca ilo\u015b\u0107 drobnych nasion bardzo dobrze wp\u0142ywa na prac\u0119 uk\u0142adu pokarmowego.<\/p>\n","protected":false},"excerpt":{"rendered":"<p>Bor\u00f3wka ameryka\u0144ska cieszy si\u0119 du\u017cym powodzeniem jako ro\u015blina uprawna. Cz\u0119sto jednak ogrodnicy amatorzy zniech\u0119caj\u0105 si\u0119 s\u0105dz\u0105c, \u017ce uprawa bor\u00f3wki jest trudna. Nie jest to jednak prawd\u0105. Wymagania glebowe Wymagania bor\u00f3wki dotycz\u0105ce gleby s\u0105 dosy\u0107 specyficzne. Nieco podobne s\u0105 do innych ro\u015blin tej rodziny np. rododendron\u00f3w. Bor\u00f3wka ameryka\u0144ska dla udanej uprawy wymaga gleby lekkiej, wilgotnej i &hellip; <a href=\"https:\/\/lucht.pl\/?page_id=30\" class=\"more-link\">Czytaj dalej <span class=\"screen-reader-text\">Uprawa bor\u00f3wki<\/span> <span class=\"meta-nav\">&rarr;<\/span><\/a><\/p>\n","protected":false},"author":1,"featured_media":0,"parent":23,"menu_order":2,"comment_status":"open","ping_status":"closed","template":"","meta":{"footnotes":"","_links_to":"","_links_to_target":""},"class_list":["post-30","page","type-page","status-publish","hentry"],"_links":{"self":[{"href":"https:\/\/lucht.pl\/index.php?rest_route=\/wp\/v2\/pages\/30","targetHints":{"allow":["GET"]}}],"collection":[{"href":"https:\/\/lucht.pl\/index.php?rest_route=\/wp\/v2\/pages"}],"about":[{"href":"https:\/\/lucht.pl\/index.php?rest_route=\/wp\/v2\/types\/page"}],"author":[{"embeddable":true,"href":"https:\/\/lucht.pl\/index.php?rest_route=\/wp\/v2\/users\/1"}],"replies":[{"embeddable":true,"href":"https:\/\/lucht.pl\/index.php?rest_route=%2Fwp%2Fv2%2Fcomments&post=30"}],"version-history":[{"count":1,"href":"https:\/\/lucht.pl\/index.php?rest_route=\/wp\/v2\/pages\/30\/revisions"}],"predecessor-version":[{"id":231,"href":"https:\/\/lucht.pl\/index.php?rest_route=\/wp\/v2\/pages\/30\/revisions\/231"}],"up":[{"embeddable":true,"href":"https:\/\/lucht.pl\/index.php?rest_route=\/wp\/v2\/pages\/23"}],"wp:attachment":[{"href":"https:\/\/lucht.pl\/index.php?rest_route=%2Fwp%2Fv2%2Fmedia&parent=30"}],"curies":[{"name":"wp","href":"https:\/\/api.w.org\/{rel}","templated":true}]}}