{"id":28,"date":"2019-01-01T00:23:17","date_gmt":"2018-12-31T23:23:17","guid":{"rendered":"http:\/\/borowka.lucht.pl\/?page_id=28"},"modified":"2019-03-11T00:00:44","modified_gmt":"2019-03-10T23:00:44","slug":"odmiany-borowki","status":"publish","type":"page","link":"https:\/\/lucht.pl\/?page_id=28","title":{"rendered":"Odmiany bor\u00f3wki (najpopularniejsze)"},"content":{"rendered":"<dl>\n<dt><strong><a id=\"aurora\">Aurora<\/a><\/strong><\/dt>\n<dd>Najp\u00f3\u017aniej dojrzewaj\u0105ca odmiana. Jagody tej odmiany dojrzewaj\u0105 7-10 dni po odmianie Elliott. Plonuje obficie i r\u00f3wnomiernie. Owoce \u015bredniej wielko\u015bci lub du\u017ce, niebieskie, nieco cierpkie. Krzew lekko roz\u0142o\u017cysty, silnie rosn\u0105cy. W naszych warunkach raczej wymaga szklarniowania ze wzgl\u0119du na bardzo p\u00f3\u017any termin owocowania.<\/dd>\n<\/dl>\n<dl>\n<dt><strong><a id=\"bluecrop\">Bluecrop<\/a><\/strong><\/dt>\n<dd>Odmiana uwa\u017cana jest za najwarto\u015bciowsz\u0105, najcz\u0119\u015bciej sadzon\u0105 na \u015bwiecie. Bardzo plenna. Owocuje przez oko\u0142o 30 dni, od po\u0142owy lipca. Owoce wydawane przez t\u0105 odmian\u0119 s\u0105 du\u017ce, kuliste, lekko sp\u0142aszczone. Barwa owoc\u00f3w zwykle jest jasnoniebieska. Odmiana uwa\u017cana za bardzo smaczn\u0105. Sk\u00f3rka owocu jest mocna, wyj\u0105tkowo p\u0119ka w czasie d\u0142ugotrwa\u0142ych deszcz\u00f3w. Owoce zgrupowane s\u0105 w du\u017ce grona o wyr\u00f3wnanej wielko\u015bci i lu\u017anej strukturze. R\u00f3wnie\u017c pokr\u00f3j krzewu jest lu\u017any, a przy silnym owocowaniu p\u0119dy mog\u0105 k\u0142a\u015b\u0107 si\u0119 na ziemi\u0119. Wtedy tak\u017ce wymagaj\u0105 podwi\u0105zywania. Zebrane owoce odmiany bluecrop doskonale nadaj\u0105 si\u0119 do transportu i dobrze go znosz\u0105 nawet przy d\u0142ugim czasie przewozu.<\/dd>\n<\/dl>\n<dl>\n<dt><strong><a id=\"brigittablue\">Brigitta Blue<\/a><\/strong><\/dt>\n<dd>Odmiana wyhodowana i wyselekcjonowana w Australii, wprowadzona do uprawy w roku 1980. Rozpoczyna dojrzewanie w 2 tygodnie po odmianie Bluecrop. Plenna. Jej owoce s\u0105 \u015bredniej wielko\u015bci lub du\u017ce, kuliste, z silnym nalotem woskowym. Smak owoc\u00f3w jest lekko kwaskowaty. Zebrane jagody dobrze znosz\u0105 przechowywanie. Krzew ro\u015bnie bardzo silnie i ma pokr\u00f3j wzniesiony, lekko roz\u0142o\u017cysty. Nale\u017cy uwa\u017ca\u0107 na t\u0119 odmian\u0119 w kwestii temperatury &#8211; jej australijskie pochodzenie oznacza wi\u0119ksze wymagania cieplne, a w czasie mroz\u00f3w nie w pe\u0142ni zdrewnia\u0142e p\u0119dy mog\u0105 przemarzn\u0105\u0107.<\/dd>\n<\/dl>\n<dl>\n<dt><strong><a id=\"chandler\">Chandler<\/a><\/strong><\/dt>\n<dd>Odmiana ameryka\u0144ska, wprowadzona w 1994 roku. Wyr\u00f3\u017cnia si\u0119 d\u0142ugim okresem dojrzewania i zbioru jag\u00f3d ? od 4 do 6 tygodni. Plenna, wydaje owoce bardzo du\u017ce, jasnoniebieskie. Krzew ro\u015bnie silnie, p\u0119dy ma wzniesione i dobrze rozga\u0142\u0119zione.<\/dd>\n<\/dl>\n<dl>\n<dt><strong><a id=\"chanticleer\">Chanticleer<\/a><\/strong><\/dt>\n<dd>Odmiana powsta\u0142a w miejscowo\u015bci Weymouth, w stanie New Jersey (USA). Wprowadzona do uprawy w roku 1997. Kwitnie po odmianie Weymouth. Owoce s\u0105 \u015bredniej wielko\u015bci, jasnoniebieskie, j\u0119drne, lekko kwaskowate, o przyjemnym aromacie. Krzew ro\u015bnie \u015brednio silnie, p\u0119dy ma wzniesione. Wra\u017cliwa na przymrozki.<\/dd>\n<\/dl>\n<dl>\n<dt><strong><a id=\"collins\">Collins<\/a><\/strong><\/dt>\n<dd>Odmiana stara, wprowadzona do uprawy w roku 1959. Nale\u017cy do tak zwanych siedmiu olbrzym\u00f3w, czyli odmian wielkoowocowych. Odmiana \u015brednio plenna. Owoce podobne wielko\u015bci\u0105 jak u Earliblue, j\u0119drne, aromatyczne, s\u0142odkie z posmakiem lekko kwa\u015bnym, zebrane w grona przeci\u0119tnej wielko\u015bci, nieco zbite. Krzew silnie rosn\u0105cy, o wzniesionych p\u0119dach, stosunkowo odporny na mr\u00f3z.<\/dd>\n<\/dl>\n<dl>\n<dt><strong><a id=\"darrow\">Darrow<\/a><\/strong><\/dt>\n<dd>Odmiana ta owocuje od po\u0142owy sierpnia przez oko\u0142o 3 tygodnie. Jest \u015brednio plenna, co jednak rekompensuj\u0105 jej owoce &#8211; bardzo du\u017ce, lekko sp\u0142aszczone, j\u0119drne, s\u0142odko-winne, bardzo smaczne. Odmiana o charakterze ewidentnie deserowym. Wzrost krzewu jest do\u015b\u0107 s\u0142aby, krzew ma lu\u017any pokr\u00f3j. Wymaga dobrych warunk\u00f3w siedliskowych. Jest to jedna z trudniejszych w uprawie odmian.<\/dd>\n<\/dl>\n<dl>\n<dt><strong><a id=\"draper\">Draper<\/a><\/strong><\/dt>\n<dd>Odmiana ameryka\u0144ska, wprowadzona do uprawy w 2004 roku, o \u015bredniej porze dojrzewania ? kilka dni przed odmian\u0105 Bluecrop. Bardzo plenna, wydaje jagody du\u017ce, jasnoniebieskie, wyj\u0105tkowo j\u0119drne, bardzo aromatyczne, o mocnej sk\u00f3rce, zebrane w lu\u017anych gronach. Owoce dobrze znosz\u0105 zbi\u00f3r mechaniczny, d\u0142ugo si\u0119 przechowuj\u0105. Krzewy s\u0105 silne, p\u0119dy wzniesione.<\/dd>\n<\/dl>\n<dl>\n<dt><strong><a id=\"duke\">Duke<\/a><\/strong><\/dt>\n<dd>Odmiana wczesna, zaczyna owocowa\u0107 oko\u0142o 10 dni przed odmian\u0105 Bluecrop. Bardzo plenna. Owoce s\u0105 zr\u00f3\u017cnicowanej wielko\u015bci, piewsze bardzo du\u017ce, p\u00f3\u017aniejsze \u015brednie. Kszta\u0142t owoc\u00f3w okr\u0105g\u0142y, barwa jasnoniebieska. Dzi\u0119ki wysokiej twardo\u015bci bardzo dobrze znosz\u0105 przechowywanie i transport. P\u0119dy krzewu sztywne, wzniesione, wzrost bardzo silny.<\/dd>\n<\/dl>\n<dl>\n<dt><strong><a id=\"earliblue\">Earliblue<\/a><\/strong><\/dt>\n<dd>Odmiana bardzo wczesna, do\u015b\u0107 plenna. Owoce o kszta\u0142cie lekko sp\u0142aszczonym, jasnoniebieskie, do\u015b\u0107 j\u0119drne, smaczne i aromatyczne, o zr\u00f3\u017cnicowanej wielko\u015bci &#8211; pierwsze bardzo du\u017ce, potem mniejsze, a na ko\u0144cu ma\u0142e. Owoce niestety bardzo lubiane przez ptaki. Krzew ro\u015bnie silnie, p\u0119dy wzniesione, do\u015b\u0107 g\u0119sty. Odmiana sprawdzaj\u0105ca si\u0119 w regionach bardziej nara\u017conych na przymrozki dzi\u0119ki wysokiej wytrzyma\u0142o\u015bci na mr\u00f3z.<\/dd>\n<\/dl>\n<dl>\n<dt><strong><a id=\"jersey\">Jersey<\/a><\/strong><\/dt>\n<dd>Jedna z najstarszych (i najbardziej znanych) ameryka\u0144skich odmian bor\u00f3wki. Dojrzewa p\u00f3\u017ano. W smaku \u015bredniej wielko\u015bci, kuliste owoce przypominaj\u0105 le\u015bne jagody. Aromat s\u0142odko-winny. Owoce zebrane s\u0105 w grona. Bardzo dobrze sprawdzaj\u0105 si\u0119 w przetworach, nie nadaj\u0105 si\u0119 natomiast do d\u0142ugotrwa\u0142ego transportu. Krzew ro\u015bnie bardzo silnie. Ta odmiana wymaga intensywnego ci\u0119cia.<\/dd>\n<\/dl>\n<dl>\n<dt><strong><a id=\"liberty\">Liberty<\/a><\/strong><\/dt>\n<dd>P\u00f3\u017ano dojrzewaj\u0105ca odmiana, wprowadzona do uprawy w 2003 roku. Jagody s\u0105 \u015bredniej wielko\u015bci lub du\u017ce, jasnoniebieskie, bardzo j\u0119drne, smaczne, lekko kwaskowate. Dojrzewa tu\u017c przed odmian\u0105 Elliott. Krzew ro\u015bnie silnie, p\u0119dy ma wzniesione, nieco rozk\u0142adaj\u0105ce si\u0119, i zwisaj\u0105ce p\u0119dy owocono\u015bne. P\u0119dy i p\u0105ki kwiatowe dobrze znosz\u0105 wahania temperatury a nawet mrozy do 25 stopni Celsjusza.<\/dd>\n<\/dl>\n<dl>\n<dt><strong><a id=\"puru\">Puru<\/a><\/strong><\/dt>\n<dd>\u015arednio wczesna Odmiana pochodz\u0105ca z Nowej Zelandii. Wydaje owoce du\u017ce, wyr\u00f3wnanej wielko\u015bci, do\u015b\u0107 smaczne i jedrne, dzi\u0119ki czemu dobrze znosz\u0105 one transport. Krzew \u015brednio silnie rosn\u0105cy. Ma grube p\u0119dy przy bardzo du\u017cych li\u015bciach.<\/dd>\n<\/dl>\n<dl>\n<dt><strong><a id=\"reka\">Reka<\/a><\/strong><\/dt>\n<dd>Wczesna, bardzo plenna odmiana. Niestety ma tendencje do drobnienia owoc\u00f3w. Owoce lekko sp\u0142aszczone, smak s\u0142odko-winny. Krzew o pokroju lu\u017anym, kulistym ro\u015bnie do\u015b\u0107 silnie i wymaga do\u015b\u0107 znacznego ci\u0119cia.<\/dd>\n<\/dl>\n<dl>\n<dt><strong><a id=\"rubel\">Rubel<\/a><\/strong><\/dt>\n<dd>Jedna z najstarszych odmian. P\u00f3\u017ano dojrzewa, plonuje r\u00f3wnomiernie. Owoce ma\u0142e, o silnie zabarwionym mi\u0105\u017cszu, zebrane s\u0105 w lu\u017anych gronach.. Smak niezbyt atrakcyjny, ale znajduj\u0105 zastosowanie w przetw\u00f3rstwie. Dobrze znosz\u0105 mechaniczny zbioru. Owoce tej odmiany maj\u0105 du\u017c\u0105 pojemno\u015b\u0107 przeciwutleniaj\u0105c\u0105, cenn\u0105 w diecie wsp\u00f3\u0142czesnego cz\u0142owieka. Krzew \u015brednio silnie rosn\u0105cy, o wzniesionych p\u0119dach.<\/dd>\n<\/dl>\n<dl>\n<dt><strong><a id=\"toro\">Toro<\/a><\/strong><\/dt>\n<dd>Odmiana ameryka\u0144ska, wprowadzona do uprawy w 1987 roku. Owoce bardzo du\u017ce, j\u0119drne, zebrane w d\u0142ugich gronach przypominaj\u0105cych nieco winogrona. Barwa matowoniebieskie. Zaleca si\u0119 pierwszy zbi\u00f3r r\u0119czny, a dopiero nast\u0119pne ? mechaniczne. Uwa\u017cana za najlepsz\u0105 ze wszystkich odmian bor\u00f3wki o podobnej do odmiany Bluecrop porze dojrzewania. Krzew ro\u015bnie silnie, p\u0119dy ma sztywne, wzniesione. Jest stosunkowo odporny na mr\u00f3z.<\/dd>\n<\/dl>\n","protected":false},"excerpt":{"rendered":"<p>Aurora Najp\u00f3\u017aniej dojrzewaj\u0105ca odmiana. Jagody tej odmiany dojrzewaj\u0105 7-10 dni po odmianie Elliott. Plonuje obficie i r\u00f3wnomiernie. Owoce \u015bredniej wielko\u015bci lub du\u017ce, niebieskie, nieco cierpkie. Krzew lekko roz\u0142o\u017cysty, silnie rosn\u0105cy. W naszych warunkach raczej wymaga szklarniowania ze wzgl\u0119du na bardzo p\u00f3\u017any termin owocowania. Bluecrop Odmiana uwa\u017cana jest za najwarto\u015bciowsz\u0105, najcz\u0119\u015bciej sadzon\u0105 na \u015bwiecie. Bardzo plenna. &hellip; <a href=\"https:\/\/lucht.pl\/?page_id=28\" class=\"more-link\">Czytaj dalej <span class=\"screen-reader-text\">Odmiany bor\u00f3wki (najpopularniejsze)<\/span> <span class=\"meta-nav\">&rarr;<\/span><\/a><\/p>\n","protected":false},"author":1,"featured_media":0,"parent":23,"menu_order":1,"comment_status":"open","ping_status":"closed","template":"","meta":{"footnotes":"","_links_to":"","_links_to_target":""},"class_list":["post-28","page","type-page","status-publish","hentry"],"_links":{"self":[{"href":"https:\/\/lucht.pl\/index.php?rest_route=\/wp\/v2\/pages\/28","targetHints":{"allow":["GET"]}}],"collection":[{"href":"https:\/\/lucht.pl\/index.php?rest_route=\/wp\/v2\/pages"}],"about":[{"href":"https:\/\/lucht.pl\/index.php?rest_route=\/wp\/v2\/types\/page"}],"author":[{"embeddable":true,"href":"https:\/\/lucht.pl\/index.php?rest_route=\/wp\/v2\/users\/1"}],"replies":[{"embeddable":true,"href":"https:\/\/lucht.pl\/index.php?rest_route=%2Fwp%2Fv2%2Fcomments&post=28"}],"version-history":[{"count":1,"href":"https:\/\/lucht.pl\/index.php?rest_route=\/wp\/v2\/pages\/28\/revisions"}],"predecessor-version":[{"id":230,"href":"https:\/\/lucht.pl\/index.php?rest_route=\/wp\/v2\/pages\/28\/revisions\/230"}],"up":[{"embeddable":true,"href":"https:\/\/lucht.pl\/index.php?rest_route=\/wp\/v2\/pages\/23"}],"wp:attachment":[{"href":"https:\/\/lucht.pl\/index.php?rest_route=%2Fwp%2Fv2%2Fmedia&parent=28"}],"curies":[{"name":"wp","href":"https:\/\/api.w.org\/{rel}","templated":true}]}}