{"id":129,"date":"2019-01-01T01:17:44","date_gmt":"2019-01-01T00:17:44","guid":{"rendered":"http:\/\/borowka.lucht.pl\/wordpress\/?page_id=2"},"modified":"2019-03-11T15:43:00","modified_gmt":"2019-03-11T14:43:00","slug":"about","status":"publish","type":"page","link":"https:\/\/lucht.pl\/","title":{"rendered":"O Nas"},"content":{"rendered":"<p style=\"text-align: center;\"><img loading=\"lazy\" decoding=\"async\" class=\"alignnone size-medium wp-image-256\" src=\"http:\/\/lucht.pl\/wp-content\/uploads\/2019\/03\/31001-1-300x179.jpg\" alt=\"\" width=\"300\" height=\"179\" srcset=\"https:\/\/lucht.pl\/wp-content\/uploads\/2019\/03\/31001-1-300x179.jpg 300w, https:\/\/lucht.pl\/wp-content\/uploads\/2019\/03\/31001-1.jpg 755w\" sizes=\"auto, (max-width: 300px) 100vw, 300px\" \/><\/p>\n<h6 style=\"text-align: left;\">Wraz z \u017con\u0105 i dw\u00f3jk\u0105 dzieci mieszkamy w miejscowo\u015bci Wojb\u00f3rz znajduj\u0105cej si\u0119 w Gminie K\u0142odzko (woj. Dolno\u015bl\u0105skie). Od 2000 r. prowadzimy gospodarstwo rolne, jednak nasz\u0105 najwi\u0119ksz\u0105 pasj\u0105 jest uprawa bor\u00f3wki wysokiej kt\u00f3r\u0105 to zajmujemy si\u0119 od 2004 r. Pocz\u0105tkowo upraw\u0119 traktowali\u015bmy jak hobby i by\u0142o to jedynie par\u0119 krzak\u00f3w w ogrodzie. Zafascynowani owocami tego krzewu stopniowo sadzili\u015bmy ich coraz wi\u0119cej, a nasza plantacja jest przez ca\u0142y czas powi\u0119kszana.<\/h6>\n<p>Na naszej plantacji znajduj\u0105 si\u0119 krzewy nast\u0119puj\u0105cych odmian : <strong><a id=\"bluecrop\"><\/a>Bluecrop,<a id=\"darrow\"><\/a> Darrow, Spartan,<\/strong><strong><a id=\"duke\"><\/a> Duke, Nelson,<\/strong><strong><a id=\"brigittablue\"><\/a> Brigitta Blue,<\/strong><strong><a id=\"earliblue\"><\/a> Earliblue,<\/strong><strong><a id=\"toro\"><\/a> Toro,<\/strong><strong><a id=\"jersey\"><\/a> Jersey<\/strong><strong><a id=\"duke\"><\/a>, Herbert. <\/strong><\/p>\n<p style=\"text-align: center;\"><img loading=\"lazy\" decoding=\"async\" class=\"alignnone size-medium wp-image-261\" src=\"http:\/\/lucht.pl\/wp-content\/uploads\/2019\/03\/bor\u00f3wka-1-300x295.jpg\" alt=\"\" width=\"300\" height=\"295\" srcset=\"https:\/\/lucht.pl\/wp-content\/uploads\/2019\/03\/bor\u00f3wka-1-300x295.jpg 300w, https:\/\/lucht.pl\/wp-content\/uploads\/2019\/03\/bor\u00f3wka-1-768x754.jpg 768w, https:\/\/lucht.pl\/wp-content\/uploads\/2019\/03\/bor\u00f3wka-1.jpg 960w\" sizes=\"auto, (max-width: 300px) 100vw, 300px\" \/><\/p>\n<p>Oferujemy w sprzeda\u017cy detalicznej roczne, dwu-trzy-cztero oraz pi\u0119cioletnie sadzonki bor\u00f3wki w donicach, owoce na wag\u0119 lub\u00a0 w pojemnikach z ekologicznego papieru\u00a0 (150g,250g,500g,1000g) wszystkich powy\u017cej wymienionych odmian !<\/p>\n<p>Eksperymentalnie obsadzili\u015bmy plantacj\u0119 r\u00f3wnie\u017c orzechem laskowym w odmianach : Barcelo\u0144ska, Katalo\u0144ska i\u00a0 Kanadyjska, kt\u00f3rego owoce r\u00f3wnie\u017c polecamy w sprzeda\u017cy detalicznej. Polecamy r\u00f3wnie\u017c sadzonki oraz owoce jagody\u00a0 kamczackiej, je\u017cyny bezkolcowej i maliny plennej.<\/p>\n<p>Jeste\u015bmy doceniani przez innych, nasza praca w regionie r\u00f3wnie\u017c :<\/p>\n<p style=\"text-align: center;\"><img loading=\"lazy\" decoding=\"async\" class=\"alignnone size-medium wp-image-262\" src=\"http:\/\/lucht.pl\/wp-content\/uploads\/2019\/03\/bor\u00f3wkaa-300x217.jpg\" alt=\"\" width=\"300\" height=\"217\" srcset=\"https:\/\/lucht.pl\/wp-content\/uploads\/2019\/03\/bor\u00f3wkaa-300x217.jpg 300w, https:\/\/lucht.pl\/wp-content\/uploads\/2019\/03\/bor\u00f3wkaa-768x554.jpg 768w, https:\/\/lucht.pl\/wp-content\/uploads\/2019\/03\/bor\u00f3wkaa.jpg 960w\" sizes=\"auto, (max-width: 300px) 100vw, 300px\" \/><\/p>\n<p style=\"text-align: center;\"><img loading=\"lazy\" decoding=\"async\" class=\"alignnone size-medium wp-image-263\" src=\"http:\/\/lucht.pl\/wp-content\/uploads\/2019\/03\/bor\u00f3wkaaa-300x256.jpg\" alt=\"\" width=\"300\" height=\"256\" srcset=\"https:\/\/lucht.pl\/wp-content\/uploads\/2019\/03\/bor\u00f3wkaaa-300x256.jpg 300w, https:\/\/lucht.pl\/wp-content\/uploads\/2019\/03\/bor\u00f3wkaaa-768x654.jpg 768w, https:\/\/lucht.pl\/wp-content\/uploads\/2019\/03\/bor\u00f3wkaaa.jpg 960w\" sizes=\"auto, (max-width: 300px) 100vw, 300px\" \/><\/p>\n<p>Zakupy na miejscu (plantacja) lub przed Galeri\u0105 Handlow\u0105 Twierdza w K\u0142odzku, gdzie posiadamy w\u0142asne stoisko.<\/p>\n<h6 style=\"text-align: center;\"><img loading=\"lazy\" decoding=\"async\" class=\"alignnone  wp-image-258\" src=\"http:\/\/lucht.pl\/wp-content\/uploads\/2019\/03\/bor-1-300x180.jpg\" alt=\"\" width=\"397\" height=\"238\" srcset=\"https:\/\/lucht.pl\/wp-content\/uploads\/2019\/03\/bor-1-300x180.jpg 300w, https:\/\/lucht.pl\/wp-content\/uploads\/2019\/03\/bor-1-768x461.jpg 768w, https:\/\/lucht.pl\/wp-content\/uploads\/2019\/03\/bor-1.jpg 960w\" sizes=\"auto, (max-width: 397px) 100vw, 397px\" \/><\/h6>\n<p>Osoby zainteresowane zakupem b\u0105d\u017a wsp\u00f3\u0142prac\u0105 prosimy<a href=\"http:\/\/lucht.pl\/?page_id=8\"> o kontakt telefoniczny lub na e-mail !<\/a><\/p>\n<p>Edyta i Micha\u0142 Lucht.<\/p>\n","protected":false},"excerpt":{"rendered":"<p>Wraz z \u017con\u0105 i dw\u00f3jk\u0105 dzieci mieszkamy w miejscowo\u015bci Wojb\u00f3rz znajduj\u0105cej si\u0119 w Gminie K\u0142odzko (woj. Dolno\u015bl\u0105skie). Od 2000 r. prowadzimy gospodarstwo rolne, jednak nasz\u0105 najwi\u0119ksz\u0105 pasj\u0105 jest uprawa bor\u00f3wki wysokiej kt\u00f3r\u0105 to zajmujemy si\u0119 od 2004 r. Pocz\u0105tkowo upraw\u0119 traktowali\u015bmy jak hobby i by\u0142o to jedynie par\u0119 krzak\u00f3w w ogrodzie. Zafascynowani owocami tego krzewu &hellip; <a href=\"https:\/\/lucht.pl\/\" class=\"more-link\">Czytaj dalej <span class=\"screen-reader-text\">O Nas<\/span> <span class=\"meta-nav\">&rarr;<\/span><\/a><\/p>\n","protected":false},"author":1,"featured_media":0,"parent":0,"menu_order":0,"comment_status":"open","ping_status":"closed","template":"","meta":{"footnotes":"","_links_to":"","_links_to_target":""},"class_list":["post-129","page","type-page","status-publish","hentry"],"_links":{"self":[{"href":"https:\/\/lucht.pl\/index.php?rest_route=\/wp\/v2\/pages\/129","targetHints":{"allow":["GET"]}}],"collection":[{"href":"https:\/\/lucht.pl\/index.php?rest_route=\/wp\/v2\/pages"}],"about":[{"href":"https:\/\/lucht.pl\/index.php?rest_route=\/wp\/v2\/types\/page"}],"author":[{"embeddable":true,"href":"https:\/\/lucht.pl\/index.php?rest_route=\/wp\/v2\/users\/1"}],"replies":[{"embeddable":true,"href":"https:\/\/lucht.pl\/index.php?rest_route=%2Fwp%2Fv2%2Fcomments&post=129"}],"version-history":[{"count":24,"href":"https:\/\/lucht.pl\/index.php?rest_route=\/wp\/v2\/pages\/129\/revisions"}],"predecessor-version":[{"id":467,"href":"https:\/\/lucht.pl\/index.php?rest_route=\/wp\/v2\/pages\/129\/revisions\/467"}],"wp:attachment":[{"href":"https:\/\/lucht.pl\/index.php?rest_route=%2Fwp%2Fv2%2Fmedia&parent=129"}],"curies":[{"name":"wp","href":"https:\/\/api.w.org\/{rel}","templated":true}]}}